{"id":2157,"date":"2018-05-08T14:46:07","date_gmt":"2018-05-08T14:46:07","guid":{"rendered":"https:\/\/transformativecities.org\/?page_id=2157"},"modified":"2020-12-01T03:40:32","modified_gmt":"2020-12-01T02:40:32","slug":"evaluators-team","status":"publish","type":"page","link":"https:\/\/transformativecities.org\/es\/premio2018\/evaluadores\/","title":{"rendered":"Equipo de evaluadores"},"content":{"rendered":"<p><div class=\"fusion-fullwidth fullwidth-box fusion-builder-row-1 fusion-flex-container nonhundred-percent-fullwidth non-hundred-percent-height-scrolling\" style=\"--awb-border-radius-top-left:0px;--awb-border-radius-top-right:0px;--awb-border-radius-bottom-right:0px;--awb-border-radius-bottom-left:0px;--awb-flex-wrap:wrap;\" ><div class=\"fusion-builder-row fusion-row fusion-flex-align-items-flex-start fusion-flex-content-wrap\" style=\"max-width:1248px;margin-left: calc(-4% \/ 2 );margin-right: calc(-4% \/ 2 );\"><div class=\"fusion-layout-column fusion_builder_column fusion-builder-column-0 fusion_builder_column_1_1 1_1 fusion-flex-column\" style=\"--awb-bg-size:cover;--awb-width-large:100%;--awb-margin-top-large:0px;--awb-spacing-right-large:1.92%;--awb-margin-bottom-large:20px;--awb-spacing-left-large:1.92%;--awb-width-medium:100%;--awb-order-medium:0;--awb-spacing-right-medium:1.92%;--awb-spacing-left-medium:1.92%;--awb-width-small:100%;--awb-order-small:0;--awb-spacing-right-small:1.92%;--awb-spacing-left-small:1.92%;\"><div class=\"fusion-column-wrapper fusion-column-has-shadow fusion-flex-justify-content-flex-start fusion-content-layout-column\"><div class=\"fusion-title title fusion-title-1 sep-underline sep-solid fusion-title-center fusion-title-text fusion-title-size-one\" style=\"--awb-text-color:#ffffff;--awb-sep-color:#ffffff;--awb-font-size:40px;\"><h1 class=\"fusion-title-heading title-heading-center\" style=\"margin:0;font-size:1em;\">BIOGRAF\u00cdAS DEL EQUIPO EVALUADOR<\/h1><\/div><\/div><\/div><\/div><\/div><div class=\"fusion-fullwidth fullwidth-box fusion-builder-row-2 fusion-flex-container nonhundred-percent-fullwidth non-hundred-percent-height-scrolling\" style=\"--awb-border-radius-top-left:0px;--awb-border-radius-top-right:0px;--awb-border-radius-bottom-right:0px;--awb-border-radius-bottom-left:0px;--awb-flex-wrap:wrap;\" ><div class=\"fusion-builder-row fusion-row fusion-flex-align-items-flex-start fusion-flex-content-wrap\" style=\"max-width:1248px;margin-left: calc(-4% \/ 2 );margin-right: calc(-4% \/ 2 );\"><div class=\"fusion-layout-column fusion_builder_column fusion-builder-column-1 fusion_builder_column_1_2 1_2 fusion-flex-column\" style=\"--awb-bg-size:cover;--awb-width-large:50%;--awb-margin-top-large:0px;--awb-spacing-right-large:3.84%;--awb-margin-bottom-large:20px;--awb-spacing-left-large:3.84%;--awb-width-medium:50%;--awb-order-medium:0;--awb-spacing-right-medium:3.84%;--awb-spacing-left-medium:3.84%;--awb-width-small:100%;--awb-order-small:0;--awb-spacing-right-small:1.92%;--awb-spacing-left-small:1.92%;\"><div class=\"fusion-column-wrapper fusion-column-has-shadow fusion-flex-justify-content-flex-start fusion-content-layout-column\"><div class=\"fusion-text fusion-text-1 bio\"><p>Con sede en Nairobi, Agnes Midi-Keita es la Directora de Proyectos Internacionales del proyecto y la campa\u00f1a multinacional \"Ciudades seguras para las mujeres\" de ActionAid, que trabaja con mujeres de base y asociados de todo el mundo para hacer campa\u00f1a y ejercer presi\u00f3n sobre los gobiernos a fin de combatir la violencia contra la mujer, promover los derechos de la mujer y aumentar el acceso a la justicia y a servicios p\u00fablicos que tengan en cuenta las cuestiones de g\u00e9nero. Antes de unirse a ActionAid, fue Directora Regional de Marie Stopes International- Kenya; promoviendo la salud y los derechos sexuales y reproductivos de la mujer en la regi\u00f3n costera de Kenya. Agnes es estudiante de posgrado de Salud P\u00fablica y Pol\u00edtica Sanitaria de la Facultad de Medicina de St. Georges, Granada, y tiene una licenciatura en Sociolog\u00eda de la Universidad de Alberta, Canad\u00e1. Agnes ha participado y sigue contribuyendo a H\u00e1bitat III, la Campa\u00f1a Urbana Mundial y la Plataforma Mundial Derecho a la Ciudad como experta t\u00e9cnica en el \"derecho a la ciudad\" de la mujer, amplificando espec\u00edficamente la voz de las mujeres y ni\u00f1as vulnerables que viven en la pobreza y la exclusi\u00f3n en las ciudades y que son vulnerables a la violencia de g\u00e9nero.<\/p>\n<\/div><div class=\"fusion-text fusion-text-2 bio\"><p>Bertie Russell es investigador asociado en el Instituto Urbano (Universidad de Sheffield), y trabaja en el proyecto Jam &amp; Justice del ESRC y como parte del proyecto internacional MISTRA Urban Futures. Tiene un doctorado de la Universidad de Leeds centrado en la politizaci\u00f3n del conocimiento cient\u00edfico en los movimientos radicales del clima y la justicia clim\u00e1tica. Anteriormente ha trabajado en las universidades de Leeds, Liverpool y Salford. Su investigaci\u00f3n actual se centra en la coproducci\u00f3n de la gobernanza urbana participativa, est\u00e1 trabajando en una serie de proyectos de microinvestigaci\u00f3n que van desde la cartograf\u00eda de las econom\u00edas solidarias hasta el intento de implicar a los ciudadanos en el desarrollo de una pol\u00edtica de adquisiciones progresista. En t\u00e9rminos m\u00e1s generales, le interesan los nuevos movimientos municipales que se est\u00e1n desarrollando a escala mundial y las posibilidades de que se fusionen en alguna forma de \"movimiento\" trans-local.<\/p>\n<\/div><div class=\"fusion-text fusion-text-3 bio\"><p>Beppe Caccia, es licenciado en Filosof\u00eda por la Universidad de Padua, Doctor en Estudios Pol\u00edticos Europeos y Euroamericanos por la Universidad de Tur\u00edn, y es un estudioso de la Historia del Pensamiento Pol\u00edtico. Trabaja para varias instituciones de investigaci\u00f3n internacionales y actualmente es miembro de la Fundaci\u00f3n Rosa-Luxemburgo en Berl\u00edn. De 1997 a 2014 fue concejal de la ciudad y de 2001 a 2005 teniente de alcalde de asuntos sociales de la ciudad de Venecia. Es miembro de la Asociaci\u00f3n pol\u00edtico-cultural \"in comune\" <a href=\"http:\/\/www.veneziaincomune.it\/\">www.veneziaincomune.it<\/a> (Venecia). Es activo en los movimientos sociales italianos y europeos, como Blockupy international y la coalici\u00f3n NoG20, y es miembro de la junta transnacional de European Alternatives<a href=\"http:\/\/www.euroalter.com\/\">(www.euroalter.com)<\/a>. Participa en la red de investigaci\u00f3n independiente <a href=\"http:\/\/www.euronomade.info\/\">www.euronomade.info<\/a> y colabora con \"politicalcritique.org\", una revista electr\u00f3nica paneuropea y el diario \"il manifesto\".<\/p>\n<\/div><div class=\"fusion-text fusion-text-4 bio\"><p>Basado en \u00c1msterdam, David Sogge trabaja como investigador y escritor independiente. Como asociado del think tank noruego NOREF, actualmente se centra en el control p\u00fablico de los flujos transnacionales que afectan a las sociedades de la periferia global. Sus actividades profesionales desde 1970 han servido de base para la elaboraci\u00f3n de libros y art\u00edculos sobre la pol\u00edtica de la ayuda exterior y sobre \u00c1frica, en particular Angola y Sud\u00e1frica. Las tareas de investigaci\u00f3n evaluadora lo han llevado a Vietnam, Europa Oriental y pa\u00edses de la antigua Uni\u00f3n Sovi\u00e9tica. Formado en Harvard, David obtuvo sus t\u00edtulos de graduado en Princeton y en el Instituto de Estudios Sociales de La Haya.<\/p>\n<\/div><\/div><\/div><div class=\"fusion-layout-column fusion_builder_column fusion-builder-column-2 fusion_builder_column_1_2 1_2 fusion-flex-column\" style=\"--awb-bg-size:cover;--awb-width-large:50%;--awb-margin-top-large:0px;--awb-spacing-right-large:3.84%;--awb-margin-bottom-large:20px;--awb-spacing-left-large:3.84%;--awb-width-medium:50%;--awb-order-medium:0;--awb-spacing-right-medium:3.84%;--awb-spacing-left-medium:3.84%;--awb-width-small:100%;--awb-order-small:0;--awb-spacing-right-small:1.92%;--awb-spacing-left-small:1.92%;\"><div class=\"fusion-column-wrapper fusion-column-has-shadow fusion-flex-justify-content-flex-start fusion-content-layout-column\"><div class=\"fusion-text fusion-text-5 bio\"><p>Erick Gonzalo Palomares Rodr\u00edguez es licenciado en Relaciones Internacionales por el Instituto Tecnol\u00f3gico y de Estudios Superiores de Occidente ITESO, M\u00e9xico; tiene una maestr\u00eda en Desarrollo, Innovaci\u00f3n y Cambio por la Universidad de Bolonia, Italia, y un doctorado en Gobierno y Administraci\u00f3n P\u00fablica por la Universidad Complutense de Madrid, Espa\u00f1a. Actualmente trabaja en la Universidad de Aalborg, Dinamarca, como profesor adjunto de Estudios Espa\u00f1oles e Internacionales. Ha trabajado en el sector p\u00fablico en el gobierno local de Guadalajara, M\u00e9xico, en varias \u00e1reas: la Oficina del Alcalde, la Oficina de Asuntos Pol\u00edticos y el Instituto Municipal de la Juventud. Tambi\u00e9n tiene experiencia profesional en campa\u00f1as electorales a nivel local y nacional en M\u00e9xico y Venezuela.<\/p>\n<\/div><div class=\"fusion-text fusion-text-6 bio\"><p>Lorena Z\u00e1rate es actualmente Presidenta de la Coalici\u00f3n Internacional para el H\u00e1bitat (HIC). Anteriormente fue coordinadora regional de la oficina de HIC-Am\u00e9rica Latina (2003 a 2011). Estudi\u00f3 historia en la Universidad Nacional de La Plata, en Argentina (su pa\u00eds de origen). Durante los dos \u00faltimos decenios, ha participado en la elaboraci\u00f3n y difusi\u00f3n de la Carta Mundial sobre el Derecho a la Ciudad, el proceso de consulta para definir el Programa de Derechos Humanos de la Ciudad de M\u00e9xico y el Comit\u00e9 Promotor para la elaboraci\u00f3n de la Carta de la Ciudad de M\u00e9xico sobre el Derecho a la Ciudad. Al mismo tiempo, ha colaborado estrechamente con el Relator Especial de las Naciones Unidas sobre el Derecho a la Vivienda Adecuada y la Oficina del Alto Comisionado de las Naciones Unidas para los Derechos Humanos. Ha publicado libros y art\u00edculos sobre cuestiones relacionadas con el derecho a la vivienda, la producci\u00f3n social y la gesti\u00f3n del h\u00e1bitat y el derecho a la ciudad, y ha participado como oradora sobre esos y otros temas conexos en m\u00e1s de 20 pa\u00edses (en particular en el marco del Foro Social Mundial y el Foro Urbano Mundial). En 2013, se le concedi\u00f3 el premio John Bousfield de visitante distinguido del Programa de Geograf\u00eda y Planificaci\u00f3n Urbana de la Universidad de Toronto. Desde 2014, ha formado parte del equipo de apoyo y ha sido coordinadora de un proyecto internacional para promover la Plataforma Mundial por el Derecho a la Ciudad.<\/p>\n<\/div><div class=\"fusion-text fusion-text-7 bio\"><p>Satoko Kishimoto es una investigadora activista en el Transnational Institute, una ONG de investigaci\u00f3n y promoci\u00f3n con sede en Amsterdam. Es japonesa y particip\u00f3 activamente como activista medioambiental en el movimiento medioambiental juvenil de Jap\u00f3n en los a\u00f1os 90. Comenz\u00f3 a trabajar con el TNI en 2003, con ocasi\u00f3n del Tercer Foro Mundial del Agua celebrado en Kyoto (Jap\u00f3n). El TNI organiz\u00f3 un seminario sobre alternativas a la privatizaci\u00f3n del agua, que fue el punto de partida del Proyecto de Justicia del Agua. En 2005, se cre\u00f3 la Red de Recuperaci\u00f3n del Agua P\u00fablica (RPW) con los colaboradores del libro \"Reclaiming Public Water\". La red RPW conecta a activistas, sindicalistas, investigadores, activistas comunitarios y operadores p\u00fablicos de agua de todo el mundo. Desde entonces, se ha desempe\u00f1ado como coordinadora de la red. M\u00e1s recientemente, realiz\u00f3 una investigaci\u00f3n conjunta sobre la tendencia a la remunicipalizaci\u00f3n en el sector del agua y otros servicios p\u00fablicos y public\u00f3 el libro Our Public Water Future: The global experience with remunicipalisation (2015) y Reclaiming Public Services : How cities and citizens are turning back privatisation (2017). En 2016, el TNI puso en marcha el proyecto Alternativas P\u00fablicas, del que actualmente es coordinadora, en el marco del programa de Justicia Econ\u00f3mica. Ciudades transformadoras es una de las iniciativas del proyecto Alternativas P\u00fablicas.<\/p>\n<\/div><div class=\"fusion-text fusion-text-8 bio\"><p>Sonia Maria Dias es soci\u00f3loga de formaci\u00f3n y garb\u00f3loga de coraz\u00f3n.  Activa en este campo desde 1985, ha desempe\u00f1ado un papel fundamental ayudando a integrar los aspectos sociales en la planificaci\u00f3n t\u00e9cnica de la recogida y el reciclaje de residuos como antigua funcionaria municipal en Belo Horizonte, Brasil.  De la Universidad Federal de Minas Gerais, Brasil, Sonia ha obtenido una maestr\u00eda en Geograf\u00eda Humana sobre el papel de los gobiernos locales en el fortalecimiento de las organizaciones de recicladores en Belo Horizonte y un doctorado en Ciencias Pol\u00edticas sobre el papel de la participaci\u00f3n en la gesti\u00f3n de los residuos s\u00f3lidos en Brasil. Es experta en residuos en la Universidad de Kitakyuschu (becaria de la JICA). Es miembro del Foro de Residuos y Ciudadan\u00eda y ha sido representante de Am\u00e9rica Latina en el Grupo de Trabajo de Colaboraci\u00f3n sobre la Gesti\u00f3n de los Residuos S\u00f3lidos. Es miembro del grupo central del Observatorio para el Reciclaje Inclusivo en el Brasil. Es becaria de Eisenhower. La Sra. Dias est\u00e1 interesada en los v\u00ednculos entre la mitigaci\u00f3n de la pobreza, el medio ambiente, el empleo informal y la participaci\u00f3n c\u00edvica, y en el empoderamiento de la mujer.  Es especialista en desechos en Women in Informal Employment Globalizing and Organizing - WIEGO.  Es investigadora asociada probono del Centro de Investigaci\u00f3n y Estudios de la Mujer - NEPEM de la Universidad Federal de Minas Gerais. Actualmente coordina un proyecto de investigaci\u00f3n-acci\u00f3n sobre residuos y g\u00e9nero.<\/p>\n<\/div><\/div><\/div><\/div><\/div><\/p>","protected":false},"excerpt":{"rendered":"","protected":false},"author":8,"featured_media":0,"parent":2019,"menu_order":24,"comment_status":"closed","ping_status":"closed","template":"","meta":{"_acf_changed":false,"wp_mapbox_gl_js_media":[],"_monsterinsights_skip_tracking":false,"_monsterinsights_sitenote_active":false,"_monsterinsights_sitenote_note":"","_monsterinsights_sitenote_category":0,"footnotes":""},"class_list":["post-2157","page","type-page","status-publish","hentry"],"acf":[],"yoast_head":"<!-- This site is optimized with the Yoast SEO plugin v27.4 - https:\/\/yoast.com\/product\/yoast-seo-wordpress\/ -->\n<title>Evaluators Team - Transformative Cities<\/title>\n<meta name=\"description\" content=\"Supporting local communities advancing solutions to ensure access to fundamental rights in the areas of water, energy, housing and food.\" \/>\n<meta name=\"robots\" content=\"index, follow, max-snippet:-1, max-image-preview:large, max-video-preview:-1\" \/>\n<link rel=\"canonical\" href=\"https:\/\/transformativecities.org\/es\/premio2018\/evaluadores\/\" \/>\n<meta property=\"og:locale\" content=\"es_ES\" \/>\n<meta property=\"og:type\" content=\"article\" \/>\n<meta property=\"og:title\" content=\"Evaluators Team - Transformative Cities\" \/>\n<meta property=\"og:description\" content=\"Supporting local communities advancing solutions to ensure access to fundamental rights in the areas of water, energy, housing and food.\" \/>\n<meta property=\"og:url\" content=\"https:\/\/transformativecities.org\/es\/premio2018\/evaluadores\/\" \/>\n<meta property=\"og:site_name\" content=\"Transformative Cities\" \/>\n<meta property=\"article:modified_time\" content=\"2020-12-01T02:40:32+00:00\" \/>\n<meta name=\"twitter:card\" content=\"summary_large_image\" \/>\n<meta name=\"twitter:label1\" content=\"Est. reading time\" \/>\n\t<meta name=\"twitter:data1\" content=\"16 minutes\" \/>\n<script type=\"application\/ld+json\" class=\"yoast-schema-graph\">{\"@context\":\"https:\\\/\\\/schema.org\",\"@graph\":[{\"@type\":\"WebPage\",\"@id\":\"https:\\\/\\\/transformativecities.org\\\/es\\\/premio2018\\\/evaluadores2018\\\/\",\"url\":\"https:\\\/\\\/transformativecities.org\\\/es\\\/premio2018\\\/evaluadores2018\\\/\",\"name\":\"Evaluators Team - Transformative Cities\",\"isPartOf\":{\"@id\":\"https:\\\/\\\/transformativecities.org\\\/#website\"},\"datePublished\":\"2018-05-08T14:46:07+00:00\",\"dateModified\":\"2020-12-01T02:40:32+00:00\",\"description\":\"Supporting local communities advancing solutions to ensure access to fundamental rights in the areas of water, energy, housing and food.\",\"breadcrumb\":{\"@id\":\"https:\\\/\\\/transformativecities.org\\\/es\\\/premio2018\\\/evaluadores2018\\\/#breadcrumb\"},\"inLanguage\":\"es-ES\",\"potentialAction\":[{\"@type\":\"ReadAction\",\"target\":[\"https:\\\/\\\/transformativecities.org\\\/es\\\/premio2018\\\/evaluadores2018\\\/\"]}]},{\"@type\":\"BreadcrumbList\",\"@id\":\"https:\\\/\\\/transformativecities.org\\\/es\\\/premio2018\\\/evaluadores2018\\\/#breadcrumb\",\"itemListElement\":[{\"@type\":\"ListItem\",\"position\":1,\"name\":\"Home\",\"item\":\"https:\\\/\\\/transformativecities.org\\\/\"},{\"@type\":\"ListItem\",\"position\":2,\"name\":\"2018 Peoples\u2019 Choice Award\",\"item\":\"https:\\\/\\\/transformativecities.org\\\/2018award\\\/\"},{\"@type\":\"ListItem\",\"position\":3,\"name\":\"Evaluators Team\"}]},{\"@type\":\"WebSite\",\"@id\":\"https:\\\/\\\/transformativecities.org\\\/#website\",\"url\":\"https:\\\/\\\/transformativecities.org\\\/\",\"name\":\"Transformative Cities\",\"description\":\"Another world is possible\",\"potentialAction\":[{\"@type\":\"SearchAction\",\"target\":{\"@type\":\"EntryPoint\",\"urlTemplate\":\"https:\\\/\\\/transformativecities.org\\\/?s={search_term_string}\"},\"query-input\":{\"@type\":\"PropertyValueSpecification\",\"valueRequired\":true,\"valueName\":\"search_term_string\"}}],\"inLanguage\":\"es-ES\"}]}<\/script>\n<!-- \/ Yoast SEO plugin. -->","yoast_head_json":{"title":"Evaluators Team - Transformative Cities","description":"Apoyar a las comunidades locales en la promoci\u00f3n de soluciones para garantizar el acceso a los derechos fundamentales en las esferas del agua, la energ\u00eda, la vivienda y la alimentaci\u00f3n.","robots":{"index":"index","follow":"follow","max-snippet":"max-snippet:-1","max-image-preview":"max-image-preview:large","max-video-preview":"max-video-preview:-1"},"canonical":"https:\/\/transformativecities.org\/es\/premio2018\/evaluadores\/","og_locale":"es_ES","og_type":"article","og_title":"Evaluators Team - Transformative Cities","og_description":"Supporting local communities advancing solutions to ensure access to fundamental rights in the areas of water, energy, housing and food.","og_url":"https:\/\/transformativecities.org\/es\/premio2018\/evaluadores\/","og_site_name":"Transformative Cities","article_modified_time":"2020-12-01T02:40:32+00:00","twitter_card":"summary_large_image","twitter_misc":{"Est. reading time":"16 minutes"},"schema":{"@context":"https:\/\/schema.org","@graph":[{"@type":"WebPage","@id":"https:\/\/transformativecities.org\/es\/premio2018\/evaluadores2018\/","url":"https:\/\/transformativecities.org\/es\/premio2018\/evaluadores2018\/","name":"Evaluators Team - Transformative Cities","isPartOf":{"@id":"https:\/\/transformativecities.org\/#website"},"datePublished":"2018-05-08T14:46:07+00:00","dateModified":"2020-12-01T02:40:32+00:00","description":"Apoyar a las comunidades locales en la promoci\u00f3n de soluciones para garantizar el acceso a los derechos fundamentales en las esferas del agua, la energ\u00eda, la vivienda y la alimentaci\u00f3n.","breadcrumb":{"@id":"https:\/\/transformativecities.org\/es\/premio2018\/evaluadores2018\/#breadcrumb"},"inLanguage":"es-ES","potentialAction":[{"@type":"ReadAction","target":["https:\/\/transformativecities.org\/es\/premio2018\/evaluadores2018\/"]}]},{"@type":"BreadcrumbList","@id":"https:\/\/transformativecities.org\/es\/premio2018\/evaluadores2018\/#breadcrumb","itemListElement":[{"@type":"ListItem","position":1,"name":"Home","item":"https:\/\/transformativecities.org\/"},{"@type":"ListItem","position":2,"name":"2018 Peoples\u2019 Choice Award","item":"https:\/\/transformativecities.org\/2018award\/"},{"@type":"ListItem","position":3,"name":"Evaluators Team"}]},{"@type":"WebSite","@id":"https:\/\/transformativecities.org\/#website","url":"https:\/\/transformativecities.org\/","name":"Ciudades Transformadoras","description":"Another world is possible","potentialAction":[{"@type":"SearchAction","target":{"@type":"EntryPoint","urlTemplate":"https:\/\/transformativecities.org\/?s={search_term_string}"},"query-input":{"@type":"PropertyValueSpecification","valueRequired":true,"valueName":"search_term_string"}}],"inLanguage":"es-ES"}]}},"_links":{"self":[{"href":"https:\/\/transformativecities.org\/es\/wp-json\/wp\/v2\/pages\/2157","targetHints":{"allow":["GET"]}}],"collection":[{"href":"https:\/\/transformativecities.org\/es\/wp-json\/wp\/v2\/pages"}],"about":[{"href":"https:\/\/transformativecities.org\/es\/wp-json\/wp\/v2\/types\/page"}],"author":[{"embeddable":true,"href":"https:\/\/transformativecities.org\/es\/wp-json\/wp\/v2\/users\/8"}],"replies":[{"embeddable":true,"href":"https:\/\/transformativecities.org\/es\/wp-json\/wp\/v2\/comments?post=2157"}],"version-history":[{"count":6,"href":"https:\/\/transformativecities.org\/es\/wp-json\/wp\/v2\/pages\/2157\/revisions"}],"predecessor-version":[{"id":5748,"href":"https:\/\/transformativecities.org\/es\/wp-json\/wp\/v2\/pages\/2157\/revisions\/5748"}],"up":[{"embeddable":true,"href":"https:\/\/transformativecities.org\/es\/wp-json\/wp\/v2\/pages\/2019"}],"wp:attachment":[{"href":"https:\/\/transformativecities.org\/es\/wp-json\/wp\/v2\/media?parent=2157"}],"curies":[{"name":"wp","href":"https:\/\/api.w.org\/{rel}","templated":true}]}}